{"id":1261,"date":"2024-12-30T21:40:03","date_gmt":"2024-12-30T20:40:03","guid":{"rendered":"http:\/\/www.kreativzimmer.net\/kreativzimmer\/?page_id=1261"},"modified":"2024-12-30T22:08:49","modified_gmt":"2024-12-30T21:08:49","slug":"lettering-art","status":"publish","type":"page","link":"http:\/\/www.kreativzimmer.net\/kreativzimmer\/index.php\/lettering-art\/","title":{"rendered":"Lettering Art"},"content":{"rendered":"<p>Hey du, willkommen in der Welt der Letterings!<\/p>\n<p>Hier findest du alles, was dein kreatives Herz begehrt: von coolen Schaufenster-Letterings \u00fcber stylische Tafeln f\u00fcrs Caf\u00e9 bis hin zu einzigartig designten Tassen und Karten \u2013 alles handmade und mit ganz viel Herz.<\/p>\n<p>Du hast \u2019ne eigene Idee oder brauchst was Besonderes? Schreib mir und lass uns dein pers\u00f6nliches Lettering-Projekt starten! Oder wie w\u00e4r\u2019s, wenn du selbst zum Stift greifst? In meinen Workshops zeig ich dir, wie du kreativ durchstartest.<\/p>\n<p>Klick dich rein und buch dir deinen Lettering-Traum!<\/p>\n<p>Deine Steffi<\/p>","protected":false},"excerpt":{"rendered":"<p>Hey du, willkommen in der Welt der Letterings! Hier findest du alles, was dein kreatives Herz begehrt: von coolen Schaufenster-Letterings \u00fcber stylische Tafeln f\u00fcrs Caf\u00e9 bis hin zu einzigartig designten Tassen und Karten \u2013 alles handmade und mit ganz viel Herz. Du hast \u2019ne eigene Idee oder brauchst was Besonderes? Schreib mir und lass uns [&hellip;]<\/p>\n","protected":false},"author":1,"featured_media":1287,"parent":0,"menu_order":0,"comment_status":"closed","ping_status":"closed","template":"","meta":{"ngg_post_thumbnail":0,"jetpack_post_was_ever_published":false,"footnotes":""},"class_list":["post-1261","page","type-page","status-publish","has-post-thumbnail","hentry"],"jetpack_sharing_enabled":true,"jetpack_shortlink":"https:\/\/wp.me\/P86gX0-kl","_links":{"self":[{"href":"http:\/\/www.kreativzimmer.net\/kreativzimmer\/index.php\/wp-json\/wp\/v2\/pages\/1261","targetHints":{"allow":["GET"]}}],"collection":[{"href":"http:\/\/www.kreativzimmer.net\/kreativzimmer\/index.php\/wp-json\/wp\/v2\/pages"}],"about":[{"href":"http:\/\/www.kreativzimmer.net\/kreativzimmer\/index.php\/wp-json\/wp\/v2\/types\/page"}],"author":[{"embeddable":true,"href":"http:\/\/www.kreativzimmer.net\/kreativzimmer\/index.php\/wp-json\/wp\/v2\/users\/1"}],"replies":[{"embeddable":true,"href":"http:\/\/www.kreativzimmer.net\/kreativzimmer\/index.php\/wp-json\/wp\/v2\/comments?post=1261"}],"version-history":[{"count":4,"href":"http:\/\/www.kreativzimmer.net\/kreativzimmer\/index.php\/wp-json\/wp\/v2\/pages\/1261\/revisions"}],"predecessor-version":[{"id":1271,"href":"http:\/\/www.kreativzimmer.net\/kreativzimmer\/index.php\/wp-json\/wp\/v2\/pages\/1261\/revisions\/1271"}],"wp:featuredmedia":[{"embeddable":true,"href":"http:\/\/www.kreativzimmer.net\/kreativzimmer\/index.php\/wp-json\/wp\/v2\/media\/1287"}],"wp:attachment":[{"href":"http:\/\/www.kreativzimmer.net\/kreativzimmer\/index.php\/wp-json\/wp\/v2\/media?parent=1261"}],"curies":[{"name":"wp","href":"https:\/\/api.w.org\/{rel}","templated":true}]}}