{"id":1272,"date":"2024-12-30T22:03:41","date_gmt":"2024-12-30T21:03:41","guid":{"rendered":"http:\/\/www.kreativzimmer.net\/kreativzimmer\/?page_id=1272"},"modified":"2024-12-30T22:03:42","modified_gmt":"2024-12-30T21:03:42","slug":"karten-lettering","status":"publish","type":"page","link":"http:\/\/www.kreativzimmer.net\/kreativzimmer\/index.php\/karten-lettering\/","title":{"rendered":"Karten Lettering"},"content":{"rendered":"<p>Einzigartige Karten, die begeistern!<\/p>\n<p>Hier findest du handgemachte Karten, die mehr sind als nur Papier \u2013 sie sind kleine Kunstwerke! Ob f\u00fcr Geburtstage, Taufen, Jubil\u00e4en oder als origineller Gutschein \u2013 jede Karte wird mit viel Liebe gestaltet und ist ein echtes Unikat.<\/p>\n<p>Du hast eine spezielle Idee oder m\u00f6chtest etwas ganz Pers\u00f6nliches? Perfekt! Ich gestalte deine individuelle Karte ganz nach deinen W\u00fcnschen \u2013 auch f\u00fcr Firmenfeiern, besondere Anl\u00e4sse oder einfach so, um jemandem eine Freude zu machen.<\/p>\n<p>Lass uns gemeinsam deine kreative Karte designen \u2013 kontaktiere mich jetzt f\u00fcr deinen pers\u00f6nlichen Auftrag!<\/p>\n<p>Deine Steffi<\/p>\n","protected":false},"excerpt":{"rendered":"<p>Einzigartige Karten, die begeistern! Hier findest du handgemachte Karten, die mehr sind als nur Papier \u2013 sie sind kleine Kunstwerke! Ob f\u00fcr Geburtstage, Taufen, Jubil\u00e4en oder als origineller Gutschein \u2013 jede Karte wird mit viel Liebe gestaltet und ist ein echtes Unikat. Du hast eine spezielle Idee oder m\u00f6chtest etwas ganz Pers\u00f6nliches? Perfekt! Ich gestalte [&hellip;]<\/p>\n","protected":false},"author":1,"featured_media":1273,"parent":0,"menu_order":0,"comment_status":"closed","ping_status":"closed","template":"","meta":{"ngg_post_thumbnail":0,"jetpack_post_was_ever_published":false,"footnotes":""},"class_list":["post-1272","page","type-page","status-publish","has-post-thumbnail","hentry"],"jetpack_sharing_enabled":true,"jetpack_shortlink":"https:\/\/wp.me\/P86gX0-kw","_links":{"self":[{"href":"http:\/\/www.kreativzimmer.net\/kreativzimmer\/index.php\/wp-json\/wp\/v2\/pages\/1272","targetHints":{"allow":["GET"]}}],"collection":[{"href":"http:\/\/www.kreativzimmer.net\/kreativzimmer\/index.php\/wp-json\/wp\/v2\/pages"}],"about":[{"href":"http:\/\/www.kreativzimmer.net\/kreativzimmer\/index.php\/wp-json\/wp\/v2\/types\/page"}],"author":[{"embeddable":true,"href":"http:\/\/www.kreativzimmer.net\/kreativzimmer\/index.php\/wp-json\/wp\/v2\/users\/1"}],"replies":[{"embeddable":true,"href":"http:\/\/www.kreativzimmer.net\/kreativzimmer\/index.php\/wp-json\/wp\/v2\/comments?post=1272"}],"version-history":[{"count":1,"href":"http:\/\/www.kreativzimmer.net\/kreativzimmer\/index.php\/wp-json\/wp\/v2\/pages\/1272\/revisions"}],"predecessor-version":[{"id":1274,"href":"http:\/\/www.kreativzimmer.net\/kreativzimmer\/index.php\/wp-json\/wp\/v2\/pages\/1272\/revisions\/1274"}],"wp:featuredmedia":[{"embeddable":true,"href":"http:\/\/www.kreativzimmer.net\/kreativzimmer\/index.php\/wp-json\/wp\/v2\/media\/1273"}],"wp:attachment":[{"href":"http:\/\/www.kreativzimmer.net\/kreativzimmer\/index.php\/wp-json\/wp\/v2\/media?parent=1272"}],"curies":[{"name":"wp","href":"https:\/\/api.w.org\/{rel}","templated":true}]}}