{"id":549,"date":"2016-07-20T22:09:44","date_gmt":"2016-07-20T20:09:44","guid":{"rendered":"http:\/\/www.kreativzimmer.net\/kreativzimmer\/?page_id=549"},"modified":"2016-07-20T22:09:44","modified_gmt":"2016-07-20T20:09:44","slug":"agb","status":"publish","type":"page","link":"http:\/\/www.kreativzimmer.net\/kreativzimmer\/index.php\/agb\/","title":{"rendered":"AGB"},"content":{"rendered":"<h4 style=\"text-align: justify;\">Allgemeine Gesch\u00e4ftsbedingungen (Online-Shop)<\/h4>\n<p style=\"text-align: justify;\"><strong>\u00a7 1 Geltungsbereich und Anbieter<\/strong><br \/>\n(1) Diese Allgemeinen Gesch\u00e4ftsbedingungen gelten f\u00fcr alle Bestellungen, die Sie<br \/>\nbei dem Online-Shop kreativzimmer.net mit der Gesch\u00e4ftsf\u00fchrerin: Stefanie Quandt, Email: info@kreativizmmer.net t\u00e4tigen.<\/p>\n<p style=\"text-align: justify;\">(2) Das Warenangebot in unserem Online-Shop richtet sich ausschlie\u00dflich an<br \/>\nK\u00e4ufer, die das 18. Lebensjahr vollendet haben.<\/p>\n<p style=\"text-align: justify;\">(3) Unsere Lieferungen, Leistungen und Angebote erfolgen ausschlie\u00dflich auf der<br \/>\nGrundlage dieser Allgemeinen Gesch\u00e4ftsbedingungen. Die Allgemeinen<br \/>\nGesch\u00e4ftsbedingungen gelten gegen\u00fcber Unternehmen somit auch f\u00fcr alle<br \/>\nk\u00fcnftigen Gesch\u00e4ftsbeziehungen, auch wenn sie nicht nochmals ausdr\u00fccklich<br \/>\nvereinbart werden. Der Einbeziehung von Allgemeinen Gesch\u00e4ftsbedingungen<br \/>\neines Kunden, die unseren Allgemeinen Gesch\u00e4ftsbedingungen<br \/>\nwidersprechen, wird schon jetzt widersprochen.<\/p>\n<p style=\"text-align: justify;\">(4) Vertragssprache ist ausschlie\u00dflich deutsch.<\/p>\n<p style=\"text-align: justify;\">(5) Sie k\u00f6nnen die derzeit g\u00fcltigen Allgemeinen Gesch\u00e4ftsbedingungen auf der<br \/>\nWebsite http:\/\/www.kreativzimmer.net abrufen und ausdrucken.<\/p>\n<p style=\"text-align: justify;\"><strong>\u00a7 2 Vertragsschluss<\/strong><br \/>\n(1) Die Warenpr\u00e4sentation im Online-Shop stellt keinen verbindlichen Antrag auf<br \/>\nden Abschluss eines Kaufvertrages dar. Vielmehr handelt es sich um eine<br \/>\nunverbindliche Aufforderung, im Online-Shop Waren zu bestellen.<br \/>\n(2) Mit Anklicken des Buttons \u201eBestellung abschicken\u201c geben Sie ein<br \/>\nverbindliches Kaufangebot ab (\u00a7 145 BGB).<br \/>\n(3) Nach Eingang des Kaufangebots erhalten Sie eine automatisch erzeugte E-<br \/>\nMail, mit der wir best\u00e4tigen, dass wir Ihre Bestellung erhalten haben<br \/>\n(Eingangsbest\u00e4tigung). Diese Eingangsbest\u00e4tigung stellt noch keine Annahme<br \/>\nIhres Kaufangebots dar. Ein Vertrag kommt durch die Eingangsbest\u00e4tigung<br \/>\nnoch nicht zustande.<br \/>\n(4) Ein Kaufvertrag \u00fcber die Ware kommt erst zustande, wenn wir ausdr\u00fccklich<br \/>\ndie Annahme des Kaufangebots erkl\u00e4ren oder wenn wir die Ware \u2013 ohne<br \/>\nvorherige ausdr\u00fcckliche Annahmeerkl\u00e4rung \u2013 an Sie versenden.<br \/>\n<strong>\u00a7 3 Preise<\/strong><br \/>\nDie auf den Produktseiten genannten Preise enthalten die gesetzliche<br \/>\nMehrwertsteuer und sonstige Preisbestandteile und verstehen sich zzgl. der<br \/>\njeweiligen Versandkosten<\/p>\n<p style=\"text-align: justify;\"><strong>\u00a7 4 Zahlungsbedingungen; Verzug<\/strong><br \/>\n(1) Die Zahlung erfolgt wahlweise:<br \/>\nRechnung per Vorkasse, oder Bar bei Abholung<br \/>\n(2) Bei Auswahl der Zahlungsart Vorkasse nennen wir Ihnen unsere<br \/>\nBankverbindung in der Auftragsbest\u00e4tigung. Der Rechnungsbetrag ist<br \/>\ninnerhalb von 10 Tagen nach Erhalt der Auftragsbest\u00e4tigung auf unser Konto<br \/>\nzu \u00fcberweisen.<\/p>\n<p style=\"text-align: justify;\"><strong> \u00a7 5 Aufrechung\/Zur\u00fcckbehaltungsrecht<\/strong><br \/>\n(1) Ein Recht zur Aufrechnung steht Ihnen nur dann zu, wenn Ihre<br \/>\nGegenforderung rechtskr\u00e4ftig festgestellt worden ist oder von uns nicht<br \/>\nbestritten wird.<\/p>\n<p style=\"text-align: justify;\">(2)\u00a0 Sie k\u00f6nnen ein Zur\u00fcckbehaltungsrecht nur aus\u00fcben, soweit Ihre<br \/>\nGegenforderung auf demselben Vertragsverh\u00e4ltnis beruht.<\/p>\n<p style=\"text-align: justify;\"><strong> \u00a7 6 Lieferung; Eigentumsvorbehalt<\/strong><br \/>\n(1) Sofern nicht anders vereinbart, erfolgt die Lieferung der Ware von unserem<br \/>\nLager an die von Ihnen angegebene Adresse.<\/p>\n<p style=\"text-align: justify;\">(2) Die Ware bleibt bis zur vollst\u00e4ndigen Zahlung des Kaufpreises unser<br \/>\nEigentum.<br \/>\n(3) Wenn Sie Unternehmer im Sinne des \u00a7 14 BGB sind, gilt erg\u00e4nzend Folgendes:<br \/>\n&#8211; Wir behalten uns das Eigentum an der Ware bis zum vollst\u00e4ndigen<br \/>\nAusgleich aller Forderungen aus der laufenden Gesch\u00e4ftsbeziehung vor.<br \/>\nVor \u00dcbergang des Eigentums an der Vorbehaltsware ist eine Verpf\u00e4ndung<br \/>\noder Sicherheits\u00fcbereignung nicht zul\u00e4ssig.<br \/>\n&#8211; Sie d\u00fcrfen die Ware im ordentlichen Gesch\u00e4ftsgang weiterverkaufen. F\u00fcr<br \/>\ndiesen Fall treten Sie bereits jetzt alle Forderungen in H\u00f6he des<br \/>\nRechnungsbetrages, die Ihnen aus dem Weiterverkauf erwachsen, an uns<br \/>\nab. Wir nehmen die Abtretung an, Sie sind jedoch zur Einziehung der<br \/>\nForderungen erm\u00e4chtigt. Soweit Sie Ihren Zahlungsverpflichtungen nicht<br \/>\nordnungsgem\u00e4\u00df nachkommen, behalten wir uns das Recht vor,<br \/>\nForderungen selbst einzuziehen.<br \/>\n&#8211; Bei Verbindung und Vermischung der Vorbehaltsware erwerben wir<br \/>\nMiteigentum an der neuen Sache im Verh\u00e4ltnis des Rechnungswertes der<br \/>\nVorbehaltsware zu den anderen verarbeiteten Gegenst\u00e4nden zum<br \/>\nZeitpunkt der Verarbeitung.<br \/>\n&#8211; Wir verpflichteten uns, die uns zustehenden Sicherheiten auf Verlangen<br \/>\ninsoweit freizugeben, als der realisierbare Wert unserer Sicherheiten die<br \/>\nzu sichernden Forderungen um mehr als 10 % \u00fcbersteigt. Die Auswahl der<br \/>\nfreizugebenden Sicherheiten obliegt uns.<br \/>\n<strong> \u00a7 7 Widerrufsbelehrung<\/strong><br \/>\nF\u00fcr den Fall, dass Sie Verbraucher im Sinne des \u00a7 13 BGB sind, also den Kauf zu<br \/>\nZwecken t\u00e4tigen, die \u00fcberwiegend weder ihrer gewerblichen noch ihrer<br \/>\nselbst\u00e4ndigen beruflichen T\u00e4tigkeit zugerechnet werden k\u00f6nnen, haben Sie ein<br \/>\nWiderrufsrecht nach Ma\u00dfgabe der folgenden Bestimmungen.<br \/>\nWiderrufsrecht<br \/>\nSie haben das Recht, binnen vierzehn Tagen ohne Angabe von Gr\u00fcnden diesen<br \/>\nVertrag zu widerrufen.<br \/>\nDie Widerrufsfrist betr\u00e4gt vierzehn Tage ab dem Tag, an dem Sie oder ein von<br \/>\nIhnen benannter Dritter, der nicht der Bef\u00f6rderer ist, die Waren in Besitz<br \/>\ngenommen haben bzw. hat.<br \/>\nUm Ihr Widerrufsrecht auszu\u00fcben, m\u00fcssen Sie uns<br \/>\nmittels einer eindeutigen Erkl\u00e4rung (z. B. ein mit der Post versandter Brief,<br \/>\nTelefax oder E-Mail) \u00fcber Ihren Entschluss, diesen Vertrag zu widerrufen,<br \/>\ninformieren. Sie k\u00f6nnen daf\u00fcr das beigef\u00fcgte Muster-Widerrufsformular<br \/>\nverwenden, das jedoch nicht vorgeschrieben ist.<br \/>\nZur Wahrung der Widerrufsfrist reicht es aus, dass Sie die Mitteilung \u00fcber die<br \/>\nAus\u00fcbung des Widerrufsrechts vor Ablauf der Widerrufsfrist absenden.<br \/>\nFolgen des Widerrufs<br \/>\nWenn Sie diesen Vertrag widerrufen, haben wir Ihnen alle Zahlungen, die wir<br \/>\nvon Ihnen erhalten haben, einschlie\u00dflich der Lieferkosten (mit Ausnahme der<br \/>\nzus\u00e4tzlichen Kosten, die sich daraus ergeben, dass Sie eine andere Art der<br \/>\nLieferung als die von uns angebotene, g\u00fcnstigste Standardlieferung gew\u00e4hlt<br \/>\nhaben), unverz\u00fcglich und sp\u00e4testens binnen vierzehn Tagen ab dem Tag<br \/>\nzur\u00fcckzuzahlen, an dem die Mitteilung \u00fcber Ihren Widerruf dieses Vertrags bei<br \/>\nuns eingegangen ist. F\u00fcr diese R\u00fcckzahlung verwenden wir dasselbe<br \/>\nZahlungsmittel, das Sie bei der urspr\u00fcnglichen Transaktion eingesetzt haben,<br \/>\nes sei denn, mit Ihnen wurde ausdr\u00fccklich etwas anderes vereinbart; in keinem<br \/>\nFall werden Ihnen wegen dieser R\u00fcckzahlung Entgelte berechnet.<br \/>\nWir k\u00f6nnen die R\u00fcckzahlung verweigern, bis wir die Waren wieder<br \/>\nzur\u00fcckerhalten haben oder bis Sie den Nachweis erbracht haben, dass Sie die<br \/>\nWaren zur\u00fcckgesandt haben, je nachdem, welches der fr\u00fchere Zeitpunkt ist.<br \/>\nSie haben die Waren unverz\u00fcglich und in jedem Fall sp\u00e4testens binnen vierzehn<br \/>\nTagen ab dem Tag, an dem Sie uns \u00fcber den Widerruf dieses Vertrags<br \/>\nunterrichten, an uns oder an &#8230; zur\u00fcckzusenden oder zu \u00fcbergeben. Die Frist<br \/>\nist gewahrt, wenn Sie die Waren vor Ablauf der Frist von vierzehn Tagen<br \/>\nabsenden.<br \/>\nSie tragen die unmittelbaren Kosten der R\u00fccksendung der Waren.<br \/>\nSie m\u00fcssen f\u00fcr einen etwaigen Wertverlust der Waren nur aufkommen, wenn<br \/>\ndieser Wertverlust auf einen zur Pr\u00fcfung der Beschaffenheit, Eigenschaften und<br \/>\nFunktionsweise der Waren nicht notwendigen Umgang mit ihnen<br \/>\nzur\u00fcckzuf\u00fchren ist.<br \/>\n<strong> Muster-Widerrufsformular<\/strong><br \/>\nWenn Sie den Vertrag widerrufen wollen, dann f\u00fcllen Sie bitte dieses Formular aus<br \/>\nund senden Sie es zur\u00fcck.<br \/>\nAn Stefanie Quandt<br \/>\nFirma: kreativizmmer.net<br \/>\nAdresse: Paul-Heyse-Str. 2<br \/>\nE-Mail: info@kreativzimmer.net<\/p>\n<p style=\"text-align: justify;\">Hiermit widerrufe(n) ich\/wir (*) den von mir\/uns (*) abgeschlossenen Vertrag \u00fcber<br \/>\nden Kauf der folgenden Waren (*):<br \/>\nBestellt am (*)\/erhalten am (*)<br \/>\nName des\/der Verbraucher(s):<br \/>\nAnschrift des\/der Verbraucher(s):<br \/>\nUnterschrift des\/der Verbraucher(s) (nur bei Mitteilung auf Papier)<br \/>\nDatum<br \/>\n(*) Unzutreffendes streichen.<br \/>\n<strong>Ende der Widerrufsbelehrung<\/strong><br \/>\n(1) Das Widerrufsrecht besteht nicht bei Lieferung von Waren, die nicht<br \/>\nvorgefertigt sind und f\u00fcr deren Herstellung eine individuelle Auswahl oder<br \/>\nBestimmung durch den Verbraucher ma\u00dfgeblich ist oder die eindeutig auf die<br \/>\npers\u00f6nlichen Bed\u00fcrfnisse des Verbrauchers zugeschnitten sind (z. B. T-Shirts<br \/>\nmit Ihrem Foto und Ihrem Namen, Acrylbilder, die nach Ihrem Auftrag erstellt werden),<\/p>\n<p style=\"text-align: justify;\">bei Lieferung versiegelter Waren, die aus<br \/>\nGr\u00fcnden des Gesundheitsschutzes oder der Hygiene nicht zur R\u00fcckgabe<br \/>\ngeeignet sind, wenn ihre Versiegelung nach der Lieferung entfernt wurde oder<br \/>\nbei Lieferung von Ton- oder Videoaufnahmen oder Computersoftware in einer<br \/>\nversiegelten Packung, wenn die Versiegelung nach der Lieferung entfernt<br \/>\nwurde.<br \/>\n(2) Bitte vermeiden Sie Besch\u00e4digungen und Verunreinigungen. Senden Sie die<br \/>\nWare bitte m\u00f6glichst in Originalverpackung mit s\u00e4mtlichem Zubeh\u00f6r und mit allen Verpackungsbestandteilen an uns zur\u00fcck. Verwenden Sie ggf. eine<br \/>\nsch\u00fctzende Umverpackung. Wenn Sie die Originalverpackung nicht mehr<br \/>\nbesitzen, sorgen Sie bitte mit einer geeigneten Verpackung f\u00fcr einen<br \/>\nausreichenden Schutz vor Transportsch\u00e4den, um Schadensersatzanspr\u00fcche<br \/>\nwegen Besch\u00e4digungen infolge mangelhafter Verpackung zu vermeiden.<br \/>\nBitte informieren Sie uns vor R\u00fccksendung per Email, um die<br \/>\nR\u00fccksendung anzuk\u00fcndigen. Auf diese Weise erm\u00f6glichen Sie uns eine<br \/>\nschnellstm\u00f6gliche Zuordnung der Produkte.<br \/>\nBitte beachten Sie, dass die in den vorstehenden Abs\u00e4tzen 2 und 3 genannten<br \/>\nModalit\u00e4ten nicht Voraussetzung f\u00fcr die wirksame Aus\u00fcbung des<br \/>\nWiderrufsrechts sind.<\/p>\n<p style=\"text-align: justify;\"><strong>\u00a7 8 Transportsch\u00e4den<\/strong><br \/>\n(1) Werden Waren mit offensichtlichen Transportsch\u00e4den angeliefert, so<br \/>\nreklamieren Sie solche Fehler bitte sofort bei dem Zusteller und nehmen Sie<br \/>\nbitte schnellstm\u00f6glich Kontakt zu uns auf.<br \/>\n(2) Die Vers\u00e4umung einer Reklamation oder Kontaktaufnahme hat f\u00fcr Ihre<br \/>\ngesetzlichen Gew\u00e4hrleistungsrechte keine Konsequenzen. Sie helfen uns aber,<br \/>\nunsere eigenen Anspr\u00fcche gegen\u00fcber dem Frachtf\u00fchrer bzw. der<br \/>\nTransportversicherung geltend machen zu k\u00f6nnen.<\/p>\n<p style=\"text-align: justify;\"><strong>\u00a7 9 Gew\u00e4hrleistung<\/strong><br \/>\n(1) Soweit nicht ausdr\u00fccklich etwas anderes vereinbart ist, richten sich Ihre<br \/>\nGew\u00e4hrleistungsanspr\u00fcche nach den gesetzlichen Bestimmungen des<br \/>\nKaufrechts (\u00a7\u00a7 433 ff. BGB).<\/p>\n<p style=\"text-align: justify;\">(2) Wenn Sie Verbraucher im Sinne des \u00a7 13 BGB sind, betr\u00e4gt die<br \/>\nVerj\u00e4hrungsfrist f\u00fcr Gew\u00e4hrleistungsanspr\u00fcche bei gebrauchten Sachen-<br \/>\nabweichend von den gesetzlichen Bestimmungen &#8211; ein Jahr. Diese<br \/>\nBeschr\u00e4nkung gilt nicht f\u00fcr Anspr\u00fcche aufgrund von Sch\u00e4den aus der<br \/>\nVerletzung des Lebens, des K\u00f6rpers oder der Gesundheit oder aus der<br \/>\nVerletzung einer wesentlichen Vertragspflicht, deren Erf\u00fcllung die<br \/>\nordnungsgem\u00e4\u00dfe Durchf\u00fchrung des Vertrags \u00fcberhaupt erst erm\u00f6glicht und<br \/>\nauf deren Einhaltung der Vertragspartner regelm\u00e4\u00dfig vertrauen darf<br \/>\n(Kardinalpflicht) sowie f\u00fcr Anspr\u00fcche aufgrund von sonstigen Sch\u00e4den, die<br \/>\nauf einer vors\u00e4tzlichen oder grob fahrl\u00e4ssigen Pflichtverletzung des<br \/>\nVerwenders oder seiner Erf\u00fcllungsgehilfen beruhen.<br \/>\n(3) Im \u00dcbrigen gelten f\u00fcr die Gew\u00e4hrleistung die gesetzlichen Bestimmungen.<br \/>\n(4) Wenn Sie Unternehmer im Sinne des \u00a7 14 BGB sind, gelten die gesetzlichen<br \/>\nBestimmungen mit folgenden Modifikationen:<br \/>\n&#8211; F\u00fcr die Beschaffenheit der Ware sind nur unsere eigenen Angaben und die<br \/>\nProduktbeschreibung des Herstellers verbindlich, nicht jedoch \u00f6ffentliche<br \/>\nAnpreisungen und \u00c4u\u00dferungen und sonstige Werbung des Herstellers.<br \/>\n&#8211; Sie sind verpflichtet, die Ware unverz\u00fcglich und mit der gebotenen<br \/>\nSorgfalt auf Qualit\u00e4ts- und Mengenabweichungen zu untersuchen und uns<br \/>\noffensichtliche M\u00e4ngel binnen 7 Tagen ab Empfang der Ware anzuzeigen.<br \/>\nZur Fristwahrung reicht die rechtzeitige Absendung. Dies gilt auch f\u00fcr<br \/>\nsp\u00e4ter festgestellte verdeckte M\u00e4ngel ab Entdeckung. Bei Verletzung der<br \/>\nUntersuchungs- und R\u00fcgepflicht ist die Geltendmachung der<br \/>\nGew\u00e4hrleistungsanspr\u00fcche ausgeschlossen.<br \/>\n&#8211; Bei M\u00e4ngeln leisten wir nach unserer Wahl Gew\u00e4hr durch Nachbesserung<br \/>\noder Ersatzlieferung (Nacherf\u00fcllung). Im Falle der Nachbesserung m\u00fcssen<br \/>\nwir nicht die erh\u00f6hten Kosten tragen, die durch die Verbringung der Ware<br \/>\nan einen anderen Ort als den Erf\u00fcllungsort entstehen, sofern die<br \/>\nVerbringung nicht dem bestimmungsgem\u00e4\u00dfen Gebrauch der Ware<br \/>\nentspricht.<br \/>\n&#8211; Schl\u00e4gt die Nacherf\u00fcllung zweimal fehl, k\u00f6nnen Sie nach Ihrer Wahl<br \/>\nMinderung verlangen oder vom Vertrag zur\u00fccktreten.<br \/>\nDie Gew\u00e4hrleistungsfrist betr\u00e4gt ein Jahr ab Ablieferung der Ware.<\/p>\n<p style=\"text-align: justify;\"><strong>\u00a7 10 Haftung<\/strong><br \/>\n(1) Unbeschr\u00e4nkte Haftung: Wir haften unbeschr\u00e4nkt f\u00fcr Vorsatz und grobe<br \/>\nFahrl\u00e4ssigkeit sowie nach Ma\u00dfgabe des Produkthaftungsgesetzes. F\u00fcr<br \/>\nleichte Fahrl\u00e4ssigkeit haften wir bei Sch\u00e4den aus der Verletzung des<br \/>\nLebens, des K\u00f6rpers und der Gesundheit von Personen.<br \/>\n(2) Im \u00dcbrigen gilt folgende beschr\u00e4nkte Haftung: Bei leichter Fahrl\u00e4ssigkeit<br \/>\nhaften wir nur im Falle der Verletzung einer wesentlichen Vertragspflicht,<br \/>\nderen Erf\u00fcllung die ordnungsgem\u00e4\u00dfe Durchf\u00fchrung des Vertrags \u00fcberhaupt<br \/>\nerst erm\u00f6glicht und auf deren Einhaltung Sie regelm\u00e4\u00dfig vertrauen d\u00fcrfen<br \/>\n(Kardinalpflicht). Die Haftung f\u00fcr leichte Fahrl\u00e4ssigkeit ist der H\u00f6he nach<br \/>\nbeschr\u00e4nkt auf die bei Vertragsschluss vorhersehbaren Sch\u00e4den, mit deren<br \/>\nEntstehung typischerweise gerechnet werden muss. Diese<br \/>\nHaftungsbeschr\u00e4nkung gilt auch zugunsten unserer Erf\u00fcllungsgehilfen.<\/p>\n<p style=\"text-align: justify;\"><strong>\u00a7 11 Schlussbestimmungen<\/strong><br \/>\n(1) Sollten eine oder mehrere Bestimmungen dieser AGB unwirksam sein oder<br \/>\nwerden, wird dadurch die Wirksamkeit der anderen Bestimmungen im \u00dcbrigen<br \/>\nnicht ber\u00fchrt.<br \/>\n(2) Auf Vertr\u00e4ge zwischen uns und Ihnen ist ausschlie\u00dflich deutsches Recht<br \/>\nanwendbar unter Ausschluss der Bestimmungen der United Nations<br \/>\nConvention on Contracts for the International Sale of Goods (CISG, \u201eUN-<br \/>\nKaufrecht\u201c).<br \/>\n(3) Sind Sie Kaufmann, juristische Person des \u00f6ffentlichen Rechts oder \u00f6ffentlich-<br \/>\nrechtliches Sonderverm\u00f6gen, so ist Gerichtsstand f\u00fcr alle Streitigkeiten aus<br \/>\noder im Zusammenhang mit Vertr\u00e4gen zwischen uns und Ihnen.<\/p>\n","protected":false},"excerpt":{"rendered":"<p>Allgemeine Gesch\u00e4ftsbedingungen (Online-Shop) \u00a7 1 Geltungsbereich und Anbieter (1) Diese Allgemeinen Gesch\u00e4ftsbedingungen gelten f\u00fcr alle Bestellungen, die Sie bei dem Online-Shop kreativzimmer.net mit der Gesch\u00e4ftsf\u00fchrerin: Stefanie Quandt, Email: info@kreativizmmer.net t\u00e4tigen. (2) Das Warenangebot in unserem Online-Shop richtet sich ausschlie\u00dflich an K\u00e4ufer, die das 18. Lebensjahr vollendet haben. (3) Unsere Lieferungen, Leistungen und Angebote erfolgen ausschlie\u00dflich [&hellip;]<\/p>\n","protected":false},"author":1,"featured_media":0,"parent":0,"menu_order":0,"comment_status":"closed","ping_status":"closed","template":"page-templates\/page_fullwidth.php","meta":{"ngg_post_thumbnail":0,"jetpack_post_was_ever_published":false,"footnotes":""},"class_list":["post-549","page","type-page","status-publish","hentry"],"jetpack_sharing_enabled":true,"jetpack_shortlink":"https:\/\/wp.me\/P86gX0-8R","_links":{"self":[{"href":"http:\/\/www.kreativzimmer.net\/kreativzimmer\/index.php\/wp-json\/wp\/v2\/pages\/549","targetHints":{"allow":["GET"]}}],"collection":[{"href":"http:\/\/www.kreativzimmer.net\/kreativzimmer\/index.php\/wp-json\/wp\/v2\/pages"}],"about":[{"href":"http:\/\/www.kreativzimmer.net\/kreativzimmer\/index.php\/wp-json\/wp\/v2\/types\/page"}],"author":[{"embeddable":true,"href":"http:\/\/www.kreativzimmer.net\/kreativzimmer\/index.php\/wp-json\/wp\/v2\/users\/1"}],"replies":[{"embeddable":true,"href":"http:\/\/www.kreativzimmer.net\/kreativzimmer\/index.php\/wp-json\/wp\/v2\/comments?post=549"}],"version-history":[{"count":8,"href":"http:\/\/www.kreativzimmer.net\/kreativzimmer\/index.php\/wp-json\/wp\/v2\/pages\/549\/revisions"}],"predecessor-version":[{"id":557,"href":"http:\/\/www.kreativzimmer.net\/kreativzimmer\/index.php\/wp-json\/wp\/v2\/pages\/549\/revisions\/557"}],"wp:attachment":[{"href":"http:\/\/www.kreativzimmer.net\/kreativzimmer\/index.php\/wp-json\/wp\/v2\/media?parent=549"}],"curies":[{"name":"wp","href":"https:\/\/api.w.org\/{rel}","templated":true}]}}