{"id":1187,"date":"2017-04-18T13:18:47","date_gmt":"2017-04-18T11:18:47","guid":{"rendered":"http:\/\/www.kreativzimmer.net\/kreativzimmer\/?post_type=product&#038;p=1187"},"modified":"2017-04-18T13:18:47","modified_gmt":"2017-04-18T11:18:47","slug":"pin-up-stirnband-fruehjahrherbst-mit-loop","status":"publish","type":"product","link":"http:\/\/www.kreativzimmer.net\/kreativzimmer\/index.php\/produkt\/pin-up-stirnband-fruehjahrherbst-mit-loop\/","title":{"rendered":"Pin Up &#8211; Stirnband &#8222;Fr\u00fchjahr\/Herbst&#8220; mit Loop"},"content":{"rendered":"<p>Dieses s\u00fc\u00dfe Stirnband mit passendem Loop ist ein Muss f\u00fcr trenige M\u00e4dels und darf auch an kalten Tagen nicht fehlen.<\/p>\n<p>Der dehnbare Baumwollstoff ist nicht nur super angenehm zu tragen, er sch\u00fctzt auch die Ohren und w\u00e4chst auch noch mit!<\/p>\n<p>Das &#8222;Herbst\/Fr\u00fchjahr&#8220; Baby-Stirnband und der Loop sind doppellagig aus einem Baumwoll-Jersey Stoff gen\u00e4ht!<\/p>\n<p>Material: &nbsp;95% Baumwolle, &nbsp;5% Elastan<\/p>\n<p>Waschbar: &nbsp;40\u00b0 Maschinenw\u00e4sche &nbsp;(empfohlen bei 30\u00b0)<\/p>\n<p>Nicht Trockner geeignet.<\/p>\n","protected":false},"excerpt":{"rendered":"<p>Dieses s\u00fc\u00dfe Stirnband mit passendem Loop ist ein Muss f\u00fcr trenige M\u00e4dels und darf auch an kalten Tagen nicht fehlen. Der dehnbare Baumwollstoff ist nicht nur super angenehm zu tragen, er sch\u00fctzt auch die Ohren und w\u00e4chst auch noch mit! Das &#8222;Herbst\/Fr\u00fchjahr&#8220; Baby-Stirnband und der Loop sind doppellagig aus einem Baumwoll-Jersey Stoff gen\u00e4ht! Material: &nbsp;95% [&hellip;]<\/p>\n","protected":false},"featured_media":0,"comment_status":"closed","ping_status":"closed","template":"","meta":{"ngg_post_thumbnail":0,"jetpack_post_was_ever_published":false,"jetpack_publicize_message":"","jetpack_publicize_feature_enabled":true,"jetpack_social_post_already_shared":true,"jetpack_social_options":{"image_generator_settings":{"template":"highway","enabled":false},"version":2}},"product_cat":[31,11],"product_tag":[],"class_list":{"0":"post-1187","1":"product","2":"type-product","3":"status-publish","5":"product_cat-1lovedesign","6":"product_cat-kopfbedeckung","7":"product_shipping_class-kleinkram","9":"first","10":"instock","11":"shipping-taxable","12":"purchasable","13":"product-type-simple"},"jetpack_publicize_connections":[],"jetpack_sharing_enabled":true,"_links":{"self":[{"href":"http:\/\/www.kreativzimmer.net\/kreativzimmer\/index.php\/wp-json\/wp\/v2\/product\/1187","targetHints":{"allow":["GET"]}}],"collection":[{"href":"http:\/\/www.kreativzimmer.net\/kreativzimmer\/index.php\/wp-json\/wp\/v2\/product"}],"about":[{"href":"http:\/\/www.kreativzimmer.net\/kreativzimmer\/index.php\/wp-json\/wp\/v2\/types\/product"}],"replies":[{"embeddable":true,"href":"http:\/\/www.kreativzimmer.net\/kreativzimmer\/index.php\/wp-json\/wp\/v2\/comments?post=1187"}],"wp:attachment":[{"href":"http:\/\/www.kreativzimmer.net\/kreativzimmer\/index.php\/wp-json\/wp\/v2\/media?parent=1187"}],"wp:term":[{"taxonomy":"product_cat","embeddable":true,"href":"http:\/\/www.kreativzimmer.net\/kreativzimmer\/index.php\/wp-json\/wp\/v2\/product_cat?post=1187"},{"taxonomy":"product_tag","embeddable":true,"href":"http:\/\/www.kreativzimmer.net\/kreativzimmer\/index.php\/wp-json\/wp\/v2\/product_tag?post=1187"}],"curies":[{"name":"wp","href":"https:\/\/api.w.org\/{rel}","templated":true}]}}