{"id":531,"date":"2016-07-17T21:25:41","date_gmt":"2016-07-17T19:25:41","guid":{"rendered":"http:\/\/www.kreativzimmer.net\/kreativzimmer\/?post_type=product&#038;p=531"},"modified":"2016-10-05T14:20:36","modified_gmt":"2016-10-05T12:20:36","slug":"afrikanische-frau-in-acryl","status":"publish","type":"product","link":"http:\/\/www.kreativzimmer.net\/kreativzimmer\/index.php\/produkt\/afrikanische-frau-in-acryl\/","title":{"rendered":"Acrylgem\u00e4lde Afrikanische Frau"},"content":{"rendered":"<div id=\"fancybox-title\" class=\"fancybox-title-inside\">\n<div id=\"fancybox-title-inside\">Original Acrylmalerei\/ Malerei auf Leinwand Gr\u00f6\u00dfe: 50 cm x 50 cm x 2 cm Leinwand wurde auf einen Holzrahmen gespannt und ist fertig zum Aufh\u00e4ngen. Letzte Schicht Seidenmatt wurde zum Schutz vor UV Licht, Staub und Feuchtigkeit angewandt.<\/div>\n<\/div>\n","protected":false},"excerpt":{"rendered":"<p>Original Acrylmalerei\/ Malerei auf Leinwand Gr\u00f6\u00dfe: 50 cm x 50 cm x 2 cm Leinwand wurde auf einen Holzrahmen gespannt und ist fertig zum Aufh\u00e4ngen. Letzte Schicht Seidenmatt wurde zum Schutz vor UV Licht, Staub und Feuchtigkeit angewandt.<\/p>\n","protected":false},"featured_media":90,"comment_status":"closed","ping_status":"closed","template":"","meta":{"ngg_post_thumbnail":0,"jetpack_post_was_ever_published":false,"jetpack_publicize_message":"","jetpack_publicize_feature_enabled":true,"jetpack_social_post_already_shared":false,"jetpack_social_options":{"image_generator_settings":{"template":"highway","enabled":false},"version":2}},"product_cat":[13],"product_tag":[],"class_list":{"0":"post-531","1":"product","2":"type-product","3":"status-publish","4":"has-post-thumbnail","6":"product_cat-acryl","8":"first","9":"instock","10":"sold-individually","11":"shipping-taxable","12":"purchasable","13":"product-type-simple"},"jetpack_publicize_connections":[],"jetpack_sharing_enabled":true,"_links":{"self":[{"href":"http:\/\/www.kreativzimmer.net\/kreativzimmer\/index.php\/wp-json\/wp\/v2\/product\/531","targetHints":{"allow":["GET"]}}],"collection":[{"href":"http:\/\/www.kreativzimmer.net\/kreativzimmer\/index.php\/wp-json\/wp\/v2\/product"}],"about":[{"href":"http:\/\/www.kreativzimmer.net\/kreativzimmer\/index.php\/wp-json\/wp\/v2\/types\/product"}],"replies":[{"embeddable":true,"href":"http:\/\/www.kreativzimmer.net\/kreativzimmer\/index.php\/wp-json\/wp\/v2\/comments?post=531"}],"wp:featuredmedia":[{"embeddable":true,"href":"http:\/\/www.kreativzimmer.net\/kreativzimmer\/index.php\/wp-json\/wp\/v2\/media\/90"}],"wp:attachment":[{"href":"http:\/\/www.kreativzimmer.net\/kreativzimmer\/index.php\/wp-json\/wp\/v2\/media?parent=531"}],"wp:term":[{"taxonomy":"product_cat","embeddable":true,"href":"http:\/\/www.kreativzimmer.net\/kreativzimmer\/index.php\/wp-json\/wp\/v2\/product_cat?post=531"},{"taxonomy":"product_tag","embeddable":true,"href":"http:\/\/www.kreativzimmer.net\/kreativzimmer\/index.php\/wp-json\/wp\/v2\/product_tag?post=531"}],"curies":[{"name":"wp","href":"https:\/\/api.w.org\/{rel}","templated":true}]}}