{"id":532,"date":"2016-07-17T21:30:25","date_gmt":"2016-07-17T19:30:25","guid":{"rendered":"http:\/\/www.kreativzimmer.net\/kreativzimmer\/?post_type=product&#038;p=532"},"modified":"2016-10-06T19:09:44","modified_gmt":"2016-10-06T17:09:44","slug":"augenblick","status":"publish","type":"product","link":"http:\/\/www.kreativzimmer.net\/kreativzimmer\/index.php\/produkt\/augenblick\/","title":{"rendered":"Acrylgem\u00e4lde Augenblick"},"content":{"rendered":"<ol>\n<li style=\"text-align: left;\">Original Acrylmalerei\/ Malerei auf Leinwand Gr\u00f6\u00dfe: 60 cm x 50 cm x 2 cm Leinwand wurde auf einen Holzrahmen gespannt und ist fertig zum Aufh\u00e4ngen. Letzte Schicht Seidenmatt wurde zum Schutz vor UV Licht, Staub und Feuchtigkeit angewandt.<\/li>\n<\/ol>\n","protected":false},"excerpt":{"rendered":"<p>Original Acrylmalerei\/ Malerei auf Leinwand Gr\u00f6\u00dfe: 60 cm x 50 cm x 2 cm Leinwand wurde auf einen Holzrahmen gespannt und ist fertig zum Aufh\u00e4ngen. Letzte Schicht Seidenmatt wurde zum Schutz vor UV Licht, Staub und Feuchtigkeit angewandt.<\/p>\n","protected":false},"featured_media":506,"comment_status":"closed","ping_status":"closed","template":"","meta":{"ngg_post_thumbnail":0,"jetpack_post_was_ever_published":false,"jetpack_publicize_message":"","jetpack_publicize_feature_enabled":true,"jetpack_social_post_already_shared":false,"jetpack_social_options":{"image_generator_settings":{"template":"highway","enabled":false},"version":2}},"product_cat":[13],"product_tag":[],"class_list":{"0":"post-532","1":"product","2":"type-product","3":"status-publish","4":"has-post-thumbnail","6":"product_cat-acryl","7":"product_shipping_class-acryl","9":"first","10":"instock","11":"sold-individually","12":"shipping-taxable","13":"purchasable","14":"product-type-simple"},"jetpack_publicize_connections":[],"jetpack_sharing_enabled":true,"_links":{"self":[{"href":"http:\/\/www.kreativzimmer.net\/kreativzimmer\/index.php\/wp-json\/wp\/v2\/product\/532","targetHints":{"allow":["GET"]}}],"collection":[{"href":"http:\/\/www.kreativzimmer.net\/kreativzimmer\/index.php\/wp-json\/wp\/v2\/product"}],"about":[{"href":"http:\/\/www.kreativzimmer.net\/kreativzimmer\/index.php\/wp-json\/wp\/v2\/types\/product"}],"replies":[{"embeddable":true,"href":"http:\/\/www.kreativzimmer.net\/kreativzimmer\/index.php\/wp-json\/wp\/v2\/comments?post=532"}],"wp:featuredmedia":[{"embeddable":true,"href":"http:\/\/www.kreativzimmer.net\/kreativzimmer\/index.php\/wp-json\/wp\/v2\/media\/506"}],"wp:attachment":[{"href":"http:\/\/www.kreativzimmer.net\/kreativzimmer\/index.php\/wp-json\/wp\/v2\/media?parent=532"}],"wp:term":[{"taxonomy":"product_cat","embeddable":true,"href":"http:\/\/www.kreativzimmer.net\/kreativzimmer\/index.php\/wp-json\/wp\/v2\/product_cat?post=532"},{"taxonomy":"product_tag","embeddable":true,"href":"http:\/\/www.kreativzimmer.net\/kreativzimmer\/index.php\/wp-json\/wp\/v2\/product_tag?post=532"}],"curies":[{"name":"wp","href":"https:\/\/api.w.org\/{rel}","templated":true}]}}