{"id":575,"date":"2016-07-21T21:43:02","date_gmt":"2016-07-21T19:43:02","guid":{"rendered":"http:\/\/www.kreativzimmer.net\/kreativzimmer\/?post_type=product&#038;p=575"},"modified":"2016-08-07T22:24:10","modified_gmt":"2016-08-07T20:24:10","slug":"baby-pumphose-schwarz","status":"publish","type":"product","link":"http:\/\/www.kreativzimmer.net\/kreativzimmer\/index.php\/produkt\/baby-pumphose-schwarz\/","title":{"rendered":"Baby Pumphose schwarz"},"content":{"rendered":"<p>Die Baby Pumphose schwarz ist aus einem leichten Jerseystoff, Jersey Herz-Aufn\u00e4her auf der R\u00fcckseite und B\u00fcndchen mit besonders weichem Tragekomfort.<\/p>\n<p>Material: 95% Baumwolle, \u00a05% Elastan, B\u00fcndchenstoff<\/p>\n<p>Maschinenw\u00e4sche: 30\u00b0<\/p>\n<p>Links b\u00fcgeln, nicht Trockner geeignet<\/p>\n","protected":false},"excerpt":{"rendered":"<p>Die Baby Pumphose schwarz ist aus einem leichten Jerseystoff, Jersey Herz-Aufn\u00e4her auf der R\u00fcckseite und B\u00fcndchen mit besonders weichem Tragekomfort. Material: 95% Baumwolle, \u00a05% Elastan, B\u00fcndchenstoff Maschinenw\u00e4sche: 30\u00b0 Links b\u00fcgeln, nicht Trockner geeignet<\/p>\n","protected":false},"featured_media":576,"comment_status":"closed","ping_status":"closed","template":"","meta":{"ngg_post_thumbnail":0,"jetpack_post_was_ever_published":false,"jetpack_publicize_message":"","jetpack_publicize_feature_enabled":true,"jetpack_social_post_already_shared":false,"jetpack_social_options":{"image_generator_settings":{"template":"highway","enabled":false},"version":2}},"product_cat":[10,18],"product_tag":[],"class_list":{"0":"post-575","1":"product","2":"type-product","3":"status-publish","4":"has-post-thumbnail","6":"product_cat-hose","7":"product_cat-textil","8":"product_shipping_class-textil","10":"first","11":"instock","12":"shipping-taxable","13":"purchasable","14":"product-type-simple"},"jetpack_publicize_connections":[],"jetpack_sharing_enabled":true,"_links":{"self":[{"href":"http:\/\/www.kreativzimmer.net\/kreativzimmer\/index.php\/wp-json\/wp\/v2\/product\/575","targetHints":{"allow":["GET"]}}],"collection":[{"href":"http:\/\/www.kreativzimmer.net\/kreativzimmer\/index.php\/wp-json\/wp\/v2\/product"}],"about":[{"href":"http:\/\/www.kreativzimmer.net\/kreativzimmer\/index.php\/wp-json\/wp\/v2\/types\/product"}],"replies":[{"embeddable":true,"href":"http:\/\/www.kreativzimmer.net\/kreativzimmer\/index.php\/wp-json\/wp\/v2\/comments?post=575"}],"wp:featuredmedia":[{"embeddable":true,"href":"http:\/\/www.kreativzimmer.net\/kreativzimmer\/index.php\/wp-json\/wp\/v2\/media\/576"}],"wp:attachment":[{"href":"http:\/\/www.kreativzimmer.net\/kreativzimmer\/index.php\/wp-json\/wp\/v2\/media?parent=575"}],"wp:term":[{"taxonomy":"product_cat","embeddable":true,"href":"http:\/\/www.kreativzimmer.net\/kreativzimmer\/index.php\/wp-json\/wp\/v2\/product_cat?post=575"},{"taxonomy":"product_tag","embeddable":true,"href":"http:\/\/www.kreativzimmer.net\/kreativzimmer\/index.php\/wp-json\/wp\/v2\/product_tag?post=575"}],"curies":[{"name":"wp","href":"https:\/\/api.w.org\/{rel}","templated":true}]}}