{"id":631,"date":"2016-07-28T13:21:52","date_gmt":"2016-07-28T11:21:52","guid":{"rendered":"http:\/\/www.kreativzimmer.net\/kreativzimmer\/?post_type=product&#038;p=631"},"modified":"2016-08-07T22:22:18","modified_gmt":"2016-08-07T20:22:18","slug":"baby-mobile-sternenhimmel","status":"publish","type":"product","link":"http:\/\/www.kreativzimmer.net\/kreativzimmer\/index.php\/produkt\/baby-mobile-sternenhimmel\/","title":{"rendered":"Baby Mobile Sternenhimmel"},"content":{"rendered":"","protected":false},"excerpt":{"rendered":"<p>Baby Mobile Sternenhimmel<\/p>\n<div class=\"translated user-markdown\">\n<p>Mobile das zum tr\u00e4umen einl\u00e4dt! Immer wieder faszinierend, wie die Kinder darunter liegen und in den Bann gezogen werden. Wenn die bunten Sterne, Wolken und Regentropfen umhertanzen, vor allem wenn sie ein Windsto\u00df oder durch die Hand der Eltern angestupst werden.<\/p>\n<p>Ob zur Beobachtung \u00fcber dem Wickeltisch oder zum einschlafen \u00fcber dem Kinderbett, das Mobile erf\u00fcllt unter Garantie seine Aufgabe.<\/p>\n<p>Die Figuren h\u00e4ngen an einem Holzring, welches einen Durchmesser von ca. 32 cm hat.<\/p>\n<p>Ihr wollt das Mobile lieber inicht anderen Farben? Dann gebt mir einfach Bescheid.<\/p>\n<p>Meine Mobiles werden fertig montiert geliefert, d.h. auspacken, aufh\u00e4ngen, freuen!<\/p>\n<p>Dies ist ein Mobile zum Bestaunen und Betrachten.<br \/>\nSollte das Kind beginnen, an den Figuren zu rei\u00dfen besteht die Gefahr von Verletzungen durch Verhedern in den Schn\u00fcren.<\/p>\n<p>Daher gilt ab einem gewissen Alter der Kinder:<br \/>\n\u201eBenutzung unter unmittelbarer Aufsicht von Erwachsenen.\u201c<\/p>\n<p>Material: \u00a0Baumwollstoff, Holzring, N\u00e4hgarn, F\u00fcllwatte,Satin B\u00e4nder<\/p>\n<\/div>\n","protected":false},"featured_media":0,"comment_status":"closed","ping_status":"closed","template":"","meta":{"ngg_post_thumbnail":0,"jetpack_post_was_ever_published":false,"jetpack_publicize_message":"","jetpack_publicize_feature_enabled":true,"jetpack_social_post_already_shared":false,"jetpack_social_options":{"image_generator_settings":{"template":"highway","enabled":false},"version":2}},"product_cat":[31,19,30],"product_tag":[],"class_list":{"0":"post-631","1":"product","2":"type-product","3":"status-publish","5":"product_cat-1lovedesign","6":"product_cat-accessoires","7":"product_cat-mobile","8":"product_shipping_class-textil","10":"first","11":"instock","12":"shipping-taxable","13":"purchasable","14":"product-type-simple"},"jetpack_publicize_connections":[],"jetpack_sharing_enabled":true,"_links":{"self":[{"href":"http:\/\/www.kreativzimmer.net\/kreativzimmer\/index.php\/wp-json\/wp\/v2\/product\/631","targetHints":{"allow":["GET"]}}],"collection":[{"href":"http:\/\/www.kreativzimmer.net\/kreativzimmer\/index.php\/wp-json\/wp\/v2\/product"}],"about":[{"href":"http:\/\/www.kreativzimmer.net\/kreativzimmer\/index.php\/wp-json\/wp\/v2\/types\/product"}],"replies":[{"embeddable":true,"href":"http:\/\/www.kreativzimmer.net\/kreativzimmer\/index.php\/wp-json\/wp\/v2\/comments?post=631"}],"wp:attachment":[{"href":"http:\/\/www.kreativzimmer.net\/kreativzimmer\/index.php\/wp-json\/wp\/v2\/media?parent=631"}],"wp:term":[{"taxonomy":"product_cat","embeddable":true,"href":"http:\/\/www.kreativzimmer.net\/kreativzimmer\/index.php\/wp-json\/wp\/v2\/product_cat?post=631"},{"taxonomy":"product_tag","embeddable":true,"href":"http:\/\/www.kreativzimmer.net\/kreativzimmer\/index.php\/wp-json\/wp\/v2\/product_tag?post=631"}],"curies":[{"name":"wp","href":"https:\/\/api.w.org\/{rel}","templated":true}]}}