{"id":634,"date":"2016-07-28T13:32:46","date_gmt":"2016-07-28T11:32:46","guid":{"rendered":"http:\/\/www.kreativzimmer.net\/kreativzimmer\/?post_type=product&#038;p=634"},"modified":"2016-10-19T17:08:38","modified_gmt":"2016-10-19T15:08:38","slug":"baby-beanie-gruen-gelb","status":"publish","type":"product","link":"http:\/\/www.kreativzimmer.net\/kreativzimmer\/index.php\/produkt\/baby-beanie-gruen-gelb\/","title":{"rendered":"Baby Beanie gr\u00fcn-gelb mit Schleife"},"content":{"rendered":"<p>Diese Beanie ist durch ihren leichten Baumwoll Jerseystoff besonders gut f\u00fcr die Jahreszeiten Herbst und Fr\u00fchling geeignet.<\/p>\n<p>Gr\u00f6\u00dfen: \u00a044\/46, 46\/48, 48\/50<\/p>\n<p>Material: \u00a0100% Baumwolle<\/p>\n<p>Waschbar: \u00a0Maschinenw\u00e4sche bei 40\u00b0 (empfohlen 30\u00b0)<\/p>\n<p>Nicht Trockner geeignet.<\/p>\n<p>&nbsp;<\/p>\n<p>&nbsp;<\/p>\n","protected":false},"excerpt":{"rendered":"<p>Diese Beanie ist durch ihren leichten Baumwoll Jerseystoff besonders gut f\u00fcr die Jahreszeiten Herbst und Fr\u00fchling geeignet. Gr\u00f6\u00dfen: \u00a044\/46, 46\/48, 48\/50 Material: \u00a0100% Baumwolle Waschbar: \u00a0Maschinenw\u00e4sche bei 40\u00b0 (empfohlen 30\u00b0) Nicht Trockner geeignet. &nbsp; &nbsp;<\/p>\n","protected":false},"featured_media":742,"comment_status":"closed","ping_status":"closed","template":"","meta":{"ngg_post_thumbnail":0,"jetpack_post_was_ever_published":false,"jetpack_publicize_message":"","jetpack_publicize_feature_enabled":true,"jetpack_social_post_already_shared":false,"jetpack_social_options":{"image_generator_settings":{"template":"highway","enabled":false},"version":2}},"product_cat":[19,11],"product_tag":[],"class_list":{"0":"post-634","1":"product","2":"type-product","3":"status-publish","4":"has-post-thumbnail","6":"product_cat-accessoires","7":"product_cat-kopfbedeckung","8":"product_shipping_class-textil","10":"first","11":"instock","12":"shipping-taxable","13":"purchasable","14":"product-type-simple"},"jetpack_publicize_connections":[],"jetpack_sharing_enabled":true,"_links":{"self":[{"href":"http:\/\/www.kreativzimmer.net\/kreativzimmer\/index.php\/wp-json\/wp\/v2\/product\/634","targetHints":{"allow":["GET"]}}],"collection":[{"href":"http:\/\/www.kreativzimmer.net\/kreativzimmer\/index.php\/wp-json\/wp\/v2\/product"}],"about":[{"href":"http:\/\/www.kreativzimmer.net\/kreativzimmer\/index.php\/wp-json\/wp\/v2\/types\/product"}],"replies":[{"embeddable":true,"href":"http:\/\/www.kreativzimmer.net\/kreativzimmer\/index.php\/wp-json\/wp\/v2\/comments?post=634"}],"wp:featuredmedia":[{"embeddable":true,"href":"http:\/\/www.kreativzimmer.net\/kreativzimmer\/index.php\/wp-json\/wp\/v2\/media\/742"}],"wp:attachment":[{"href":"http:\/\/www.kreativzimmer.net\/kreativzimmer\/index.php\/wp-json\/wp\/v2\/media?parent=634"}],"wp:term":[{"taxonomy":"product_cat","embeddable":true,"href":"http:\/\/www.kreativzimmer.net\/kreativzimmer\/index.php\/wp-json\/wp\/v2\/product_cat?post=634"},{"taxonomy":"product_tag","embeddable":true,"href":"http:\/\/www.kreativzimmer.net\/kreativzimmer\/index.php\/wp-json\/wp\/v2\/product_tag?post=634"}],"curies":[{"name":"wp","href":"https:\/\/api.w.org\/{rel}","templated":true}]}}