{"id":694,"date":"2016-10-05T20:26:34","date_gmt":"2016-10-05T18:26:34","guid":{"rendered":"http:\/\/www.kreativzimmer.net\/kreativzimmer\/?post_type=product&#038;p=694"},"modified":"2016-10-05T20:44:59","modified_gmt":"2016-10-05T18:44:59","slug":"wickeltasche-windeltasche","status":"publish","type":"product","link":"http:\/\/www.kreativzimmer.net\/kreativzimmer\/index.php\/produkt\/wickeltasche-windeltasche\/","title":{"rendered":"Wickeltasche-Windeltasche"},"content":{"rendered":"","protected":false},"excerpt":{"rendered":"<p>Liebevoll handgefertigte Windeltasche.<\/p>\n<p>Es gibt zwei ger\u00e4umige F\u00e4cher f\u00fcr Windeln und ein gro\u00dfes Fach f\u00fcr Feuchtt\u00fccher.<\/p>\n<p>Die Tasche ist mit einem Schnullerband versehen, damit dieser immer griffbereit ist.<\/p>\n<p>Das Schnullerband ist optional. Wenn du keines ben\u00f6tigst, teile mir das bitte kurz in der Kaufabwicklung mit.<\/p>\n<p>Bei meiner Kaufbest\u00e4tigung werde ich den Kaufpreis dann um 2,- \u20ac reduzieren.<\/p>\n<p>Die Windeltasche wird mit einem Kunststoffdruckknopf verschlossen.<\/p>\n<p>Diese Tasche ist aus einem hochwertigen Baumwollstoff und einer Vlieseline Verst\u00e4rkung gen\u00e4ht.<\/p>\n<p>Material: \u00a0100% Baumwolle<\/p>\n<p>Waschbar: \u00a030\u00b0 Maschinenw\u00e4sche<\/p>\n<p>&nbsp;<\/p>\n","protected":false},"featured_media":695,"comment_status":"closed","ping_status":"closed","template":"","meta":{"ngg_post_thumbnail":0,"jetpack_post_was_ever_published":false,"jetpack_publicize_message":"","jetpack_publicize_feature_enabled":true,"jetpack_social_post_already_shared":false,"jetpack_social_options":{"image_generator_settings":{"template":"highway","enabled":false},"version":2}},"product_cat":[19,20],"product_tag":[],"class_list":{"0":"post-694","1":"product","2":"type-product","3":"status-publish","4":"has-post-thumbnail","6":"product_cat-accessoires","7":"product_cat-wickeltasche","8":"product_shipping_class-kleinkram","10":"first","11":"instock","12":"shipping-taxable","13":"purchasable","14":"product-type-simple"},"jetpack_publicize_connections":[],"jetpack_sharing_enabled":true,"_links":{"self":[{"href":"http:\/\/www.kreativzimmer.net\/kreativzimmer\/index.php\/wp-json\/wp\/v2\/product\/694","targetHints":{"allow":["GET"]}}],"collection":[{"href":"http:\/\/www.kreativzimmer.net\/kreativzimmer\/index.php\/wp-json\/wp\/v2\/product"}],"about":[{"href":"http:\/\/www.kreativzimmer.net\/kreativzimmer\/index.php\/wp-json\/wp\/v2\/types\/product"}],"replies":[{"embeddable":true,"href":"http:\/\/www.kreativzimmer.net\/kreativzimmer\/index.php\/wp-json\/wp\/v2\/comments?post=694"}],"wp:featuredmedia":[{"embeddable":true,"href":"http:\/\/www.kreativzimmer.net\/kreativzimmer\/index.php\/wp-json\/wp\/v2\/media\/695"}],"wp:attachment":[{"href":"http:\/\/www.kreativzimmer.net\/kreativzimmer\/index.php\/wp-json\/wp\/v2\/media?parent=694"}],"wp:term":[{"taxonomy":"product_cat","embeddable":true,"href":"http:\/\/www.kreativzimmer.net\/kreativzimmer\/index.php\/wp-json\/wp\/v2\/product_cat?post=694"},{"taxonomy":"product_tag","embeddable":true,"href":"http:\/\/www.kreativzimmer.net\/kreativzimmer\/index.php\/wp-json\/wp\/v2\/product_tag?post=694"}],"curies":[{"name":"wp","href":"https:\/\/api.w.org\/{rel}","templated":true}]}}