{"id":740,"date":"2016-10-19T17:20:35","date_gmt":"2016-10-19T15:20:35","guid":{"rendered":"http:\/\/www.kreativzimmer.net\/kreativzimmer\/?post_type=product&#038;p=740"},"modified":"2016-10-19T17:20:35","modified_gmt":"2016-10-19T15:20:35","slug":"kapuzenhandtuch-wolke","status":"publish","type":"product","link":"http:\/\/www.kreativzimmer.net\/kreativzimmer\/index.php\/produkt\/kapuzenhandtuch-wolke\/","title":{"rendered":"Kapuzenhandtuch Wolke"},"content":{"rendered":"<p>Das Kapuzenhandtuch und Badetuch ist aus einem hochwertigen Frotteestoff entsprechend dem \u00d6kotex Standart und einem bedruckten Baumwoll-Wolkenstoff. An der Kapuze wurde aus einem Baumwoll-Jersey Stoff noch liebevoll eine kleine Wolke aufgestickt.<\/p>\n<p>Es eignet sich hervorragend um eure Kinder nach dem Baden sch\u00f6n kuschelig einzupacken.<\/p>\n<p>Gr\u00f6\u00dfe: \u00a075cm x 75cm<\/p>\n<p>Material: \u00a0100% Baumwollstoff, Frotteestoff \u00d6kotex, Baumwoll -Jersey<\/p>\n<p>Waschbar: \u00a0Maschinenw\u00e4sche 40\u00b0 (empfohlen 30\u00b0)<\/p>\n","protected":false},"excerpt":{"rendered":"<p>Das Kapuzenhandtuch und Badetuch ist aus einem hochwertigen Frotteestoff entsprechend dem \u00d6kotex Standart und einem bedruckten Baumwoll-Wolkenstoff. An der Kapuze wurde aus einem Baumwoll-Jersey Stoff noch liebevoll eine kleine Wolke aufgestickt. Es eignet sich hervorragend um eure Kinder nach dem Baden sch\u00f6n kuschelig einzupacken. Gr\u00f6\u00dfe: \u00a075cm x 75cm Material: \u00a0100% Baumwollstoff, Frotteestoff \u00d6kotex, Baumwoll -Jersey [&hellip;]<\/p>\n","protected":false},"featured_media":745,"comment_status":"closed","ping_status":"closed","template":"","meta":{"ngg_post_thumbnail":0,"jetpack_post_was_ever_published":false,"jetpack_publicize_message":"","jetpack_publicize_feature_enabled":true,"jetpack_social_post_already_shared":false,"jetpack_social_options":{"image_generator_settings":{"template":"highway","enabled":false},"version":2}},"product_cat":[31,24],"product_tag":[],"class_list":{"0":"post-740","1":"product","2":"type-product","3":"status-publish","4":"has-post-thumbnail","6":"product_cat-1lovedesign","7":"product_cat-handtuch","8":"product_shipping_class-textil","10":"first","11":"instock","12":"shipping-taxable","13":"purchasable","14":"product-type-simple"},"jetpack_publicize_connections":[],"jetpack_sharing_enabled":true,"_links":{"self":[{"href":"http:\/\/www.kreativzimmer.net\/kreativzimmer\/index.php\/wp-json\/wp\/v2\/product\/740","targetHints":{"allow":["GET"]}}],"collection":[{"href":"http:\/\/www.kreativzimmer.net\/kreativzimmer\/index.php\/wp-json\/wp\/v2\/product"}],"about":[{"href":"http:\/\/www.kreativzimmer.net\/kreativzimmer\/index.php\/wp-json\/wp\/v2\/types\/product"}],"replies":[{"embeddable":true,"href":"http:\/\/www.kreativzimmer.net\/kreativzimmer\/index.php\/wp-json\/wp\/v2\/comments?post=740"}],"wp:featuredmedia":[{"embeddable":true,"href":"http:\/\/www.kreativzimmer.net\/kreativzimmer\/index.php\/wp-json\/wp\/v2\/media\/745"}],"wp:attachment":[{"href":"http:\/\/www.kreativzimmer.net\/kreativzimmer\/index.php\/wp-json\/wp\/v2\/media?parent=740"}],"wp:term":[{"taxonomy":"product_cat","embeddable":true,"href":"http:\/\/www.kreativzimmer.net\/kreativzimmer\/index.php\/wp-json\/wp\/v2\/product_cat?post=740"},{"taxonomy":"product_tag","embeddable":true,"href":"http:\/\/www.kreativzimmer.net\/kreativzimmer\/index.php\/wp-json\/wp\/v2\/product_tag?post=740"}],"curies":[{"name":"wp","href":"https:\/\/api.w.org\/{rel}","templated":true}]}}