{"id":782,"date":"2016-10-27T12:31:03","date_gmt":"2016-10-27T10:31:03","guid":{"rendered":"http:\/\/www.kreativzimmer.net\/kreativzimmer\/?post_type=product&#038;p=782"},"modified":"2016-10-27T12:31:03","modified_gmt":"2016-10-27T10:31:03","slug":"klappkarte-miniatur-gemaelde","status":"publish","type":"product","link":"http:\/\/www.kreativzimmer.net\/kreativzimmer\/index.php\/produkt\/klappkarte-miniatur-gemaelde\/","title":{"rendered":"Klappkarte &#8222;Miniatur-Gem\u00e4lde&#8220;"},"content":{"rendered":"<p>Vier meiner Acrylgem\u00e4lde k\u00f6nnt ihr f\u00fcr kurze Zeit hier im Shop als Miniatur-Gem\u00e4lde auf einer Artoz Klappkarten und einen dazu passenden Artoz Kuvert kaufen.&nbsp;<\/p>\n<p>Bestellbar bis zum 12.11.2016!&nbsp;<\/p>\n<p>&nbsp;<\/p>\n","protected":false},"excerpt":{"rendered":"<p>Vier meiner Acrylgem\u00e4lde k\u00f6nnt ihr f\u00fcr kurze Zeit hier im Shop als Miniatur-Gem\u00e4lde auf einer Artoz Klappkarten und einen dazu passenden Artoz Kuvert kaufen.&nbsp; Bestellbar bis zum 12.11.2016!&nbsp; &nbsp;<\/p>\n","protected":false},"featured_media":762,"comment_status":"closed","ping_status":"closed","template":"","meta":{"ngg_post_thumbnail":0,"jetpack_post_was_ever_published":false,"jetpack_publicize_message":"","jetpack_publicize_feature_enabled":true,"jetpack_social_post_already_shared":false,"jetpack_social_options":{"image_generator_settings":{"template":"highway","enabled":false},"version":2}},"product_cat":[32,13],"product_tag":[],"class_list":{"0":"post-782","1":"product","2":"type-product","3":"status-publish","4":"has-post-thumbnail","6":"product_cat-1loveart","7":"product_cat-acryl","8":"product_shipping_class-kartenversand","10":"first","11":"instock","12":"shipping-taxable","13":"purchasable","14":"product-type-simple"},"jetpack_publicize_connections":[],"jetpack_sharing_enabled":true,"_links":{"self":[{"href":"http:\/\/www.kreativzimmer.net\/kreativzimmer\/index.php\/wp-json\/wp\/v2\/product\/782","targetHints":{"allow":["GET"]}}],"collection":[{"href":"http:\/\/www.kreativzimmer.net\/kreativzimmer\/index.php\/wp-json\/wp\/v2\/product"}],"about":[{"href":"http:\/\/www.kreativzimmer.net\/kreativzimmer\/index.php\/wp-json\/wp\/v2\/types\/product"}],"replies":[{"embeddable":true,"href":"http:\/\/www.kreativzimmer.net\/kreativzimmer\/index.php\/wp-json\/wp\/v2\/comments?post=782"}],"wp:featuredmedia":[{"embeddable":true,"href":"http:\/\/www.kreativzimmer.net\/kreativzimmer\/index.php\/wp-json\/wp\/v2\/media\/762"}],"wp:attachment":[{"href":"http:\/\/www.kreativzimmer.net\/kreativzimmer\/index.php\/wp-json\/wp\/v2\/media?parent=782"}],"wp:term":[{"taxonomy":"product_cat","embeddable":true,"href":"http:\/\/www.kreativzimmer.net\/kreativzimmer\/index.php\/wp-json\/wp\/v2\/product_cat?post=782"},{"taxonomy":"product_tag","embeddable":true,"href":"http:\/\/www.kreativzimmer.net\/kreativzimmer\/index.php\/wp-json\/wp\/v2\/product_tag?post=782"}],"curies":[{"name":"wp","href":"https:\/\/api.w.org\/{rel}","templated":true}]}}